{"id":23,"date":"2025-05-17T10:47:56","date_gmt":"2025-05-17T10:47:56","guid":{"rendered":"https:\/\/torrevillaverde.com\/?page_id=23"},"modified":"2025-05-19T09:26:19","modified_gmt":"2025-05-19T09:26:19","slug":"cookies","status":"publish","type":"page","link":"https:\/\/torrevillaverde.com\/en\/cookies\/","title":{"rendered":"Cookies"},"content":{"rendered":"<div data-elementor-type=\"wp-page\" data-elementor-id=\"23\" class=\"elementor elementor-23\" data-elementor-post-type=\"page\">\n\t\t\t\t<div class=\"elementor-element elementor-element-33a8f8e7 e-flex e-con-boxed e-con e-parent\" data-id=\"33a8f8e7\" data-element_type=\"container\" data-e-type=\"container\" data-settings=\"{&quot;background_background&quot;:&quot;gradient&quot;}\">\n\t\t\t\t\t<div class=\"e-con-inner\">\n\t\t\t\t<div class=\"elementor-element elementor-element-35b91e49 elementor-widget elementor-widget-heading\" data-id=\"35b91e49\" data-element_type=\"widget\" data-e-type=\"widget\" data-widget_type=\"heading.default\">\n\t\t\t\t<div class=\"elementor-widget-container\">\n\t\t\t\t\t<p class=\"elementor-heading-title elementor-size-default\">COOKIES<\/p>\t\t\t\t<\/div>\n\t\t\t\t<\/div>\n\t\t\t\t<div class=\"elementor-element elementor-element-a4f8673 elementor-widget elementor-widget-heading\" data-id=\"a4f8673\" data-element_type=\"widget\" data-e-type=\"widget\" data-widget_type=\"heading.default\">\n\t\t\t\t<div class=\"elementor-widget-container\">\n\t\t\t\t\t<h2 class=\"elementor-heading-title elementor-size-default\">Cookies Policy<\/h2>\t\t\t\t<\/div>\n\t\t\t\t<\/div>\n\t\t\t\t<div class=\"elementor-element elementor-element-8ea1b2d elementor-widget-divider--view-line elementor-widget elementor-widget-divider\" data-id=\"8ea1b2d\" data-element_type=\"widget\" data-e-type=\"widget\" data-widget_type=\"divider.default\">\n\t\t\t\t<div class=\"elementor-widget-container\">\n\t\t\t\t\t\t\t<div class=\"elementor-divider\">\n\t\t\t<span class=\"elementor-divider-separator\">\n\t\t\t\t\t\t<\/span>\n\t\t<\/div>\n\t\t\t\t\t\t<\/div>\n\t\t\t\t<\/div>\n\t\t\t\t<div class=\"elementor-element elementor-element-0fd709e elementor-widget elementor-widget-text-editor\" data-id=\"0fd709e\" data-element_type=\"widget\" data-e-type=\"widget\" data-widget_type=\"text-editor.default\">\n\t\t\t\t<div class=\"elementor-widget-container\">\n\t\t\t\t\t\t\t\t\t<p class=\"p1\"><span style=\"text-decoration: underline;\"><em>Purpose of the Cookies used by the website<\/em><\/span><\/p><p class=\"p1\">This website: www.torrevillaverde.com uses own and third party cookies strictly necessary and essential for technical purposes to enable you to use our website, to allow you to move freely around it, secure shopping area and personalised options.<\/p><p class=\"p1\">In addition to using other types of analytical and social media cookies to process your data, improve our services, show you advertising tailored to your preferences, and provide you with comprehensive information about the brand.<\/p><p class=\"p1\">Some cookies used on this website may not be related to TORRE DE VILLAVERDE. This is because some websites contain content from third-party advertising websites or social networks. Because this content originates from these third-party websites, TORRE DE VILLAVERDE does not control the configuration of these cookies.<\/p><p class=\"p2\">OTHER CUESTIONS<\/p><p class=\"p1\">* There are links on the website to access social media:<\/p><p class=\"p1\">\u2013 Social red: Google Plus<\/p><p class=\"p1\">More informations: <em>https:\/\/www.google.es\/intl\/es\/policies\/technologies\/types\/<\/em><\/p><p class=\"p1\">\u2013 Social red: Instagram<\/p><p class=\"p1\">More informations: <em>https:\/\/help.instagram.com\/<\/em><\/p><p class=\"p1\">\u2013 Social red: Facebook<\/p><p class=\"p1\">More informations: <em>https:\/\/www.facebook.com\/help\/cookies\/<\/em><\/p><p class=\"p1\">\u2013 Social red: TikTok<\/p><p class=\"p1\">More informations: <em>https:\/\/www.tiktok.com\/legal\/page\/global\/cookie-policy\/es<\/em><\/p><p class=\"p1\">\u2013 Social red: Youtube<\/p><p class=\"p1\">More informations: <em>http:\/\/www.canalyoutube.es\/politica-de-cookies\/<\/em><\/p><p class=\"p1\">* Forms available on the website are stored in the TORRE DE VILLAVERDE database (info@torrevequia.com) for a period of 2 years.\nSugerencias\nTraductor de Google<\/p><p class=\"p1\">* The website is hosted in EU countries<\/p><p class=\"p1\">* The mail is hosted in EU countries<\/p><p class=\"p1\">* Company that provides Web Hosting (WORDPRESS) and email service (IONOS), and may have access to personal data anonymously.<\/p><p class=\"p1\">* Provide a list of security measures that the website and email inbox have:<\/p><p class=\"p1\">\u2013 SSL\/TLS security certificate that provides authentic identity and a secure encrypted connection, creating a security protocol between the web server and the browser.<\/p><p class=\"p1\">\u2013 Unique and specific username and password, with strong security password.<\/p><p class=\"p1\">\u2013 Temporary lockouts after several failed login attempts.<\/p><p class=\"p1\">\u2013 Keep WordPress software and PHP versions updated, as well as all plugins.<\/p><p class=\"p1\">\u2013 Use blacklists to block suspicious usernames and IP addresses.<\/p><p class=\"p1\">\u2013 Use blacklists to block suspicious usernames and IP addresses.<\/p><p class=\"p1\">* The option to consent to receive commercial communications is available on the website in the Cookies preferences section and when registering as a new user.\nSugerencias\nTraductor de Google<\/p><p class=\"p1\">* There will be NO section on the website to submit a CV.\n\nSugerencias<\/p><p class=\"p1\">* Any photographs or videos published on the website will be solely of the e-commerce products for sale, the model hired for the photo shoot, and material produced by the company in which any of the employees may appear with prior consent.<\/p><p class=\"p1\">* Profiling studies are carried out: Yes, the website analyzes the user's clicks on articles and automatically generates possible future products that may be of interest to the user, appearing in that order of priority.<\/p><p class=\"p1\"><span style=\"text-decoration: underline;\"><em>COOKIES POLICY<\/em><\/span><\/p><p class=\"p1\">What are Cookies?<\/p><p class=\"p1\">Cookies are small data files that are received on your device from the website you visit. They are used to record certain browsing interactions on a website, storing data that can be updated and retrieved. These files are stored on the user's computer and contain anonymous data that is not harmful to your device.<\/p><p class=\"p1\">They are used to remember user preferences, such as language selection, login information, or page customization. Cookies can also be used to record anonymous information about how a visitor uses a site. For example, which web page they accessed from, or whether they used a banner ad to get there.<\/p><p class=\"p1\">Cookies that allow a person to be identified are considered personal data. Therefore, the Privacy Policy described above will apply. In this regard, the User's consent will be required for their use. This consent will be communicated, based on an authentic choice, offered through an affirmative and positive decision, prior to initial processing, removable, and documented.<\/p><p class=\"p1\">You can find more information about cookies at: <em>http:\/\/es.wikipedia.org\/wiki\/Cookie<\/em><\/p><p class=\"p1\">You can find more information about cookies at:<\/p><p class=\"p1\">TORRE DE VILLAVERDE uses cookies that are strictly necessary and essential for your use of our websites, allowing you to move freely, use secure areas, access personalized options, etc. In addition, we use cookies that collect data related to website usage analysis. These are used to help improve customer service by measuring website usage and performance, optimizing and personalizing the website.<\/p><p class=\"p1\">What types of cookies do we use?<\/p><p class=\"p1\">Session cookies: These are temporary cookies that remain in your browser's cookie file until you leave the website, so none are recorded on the user's hard drive. The information obtained through these cookies is used to analyze website traffic patterns.<\/p><p class=\"p1\">Permanent cookies: These are stored on the hard drive and are detected by the website each time the user makes a new visit. A permanent cookie has a specific expiration date. The cookie will stop working after that date. They are generally used to facilitate, for example, registration services.<\/p><p class=\"p1\">Technical cookies: Technical cookies are essential and strictly necessary for the correct functioning of a web portal and the use of the different options and services it offers.<\/p><p class=\"p1\">Personalization cookies: These cookies allow the user to specify or customize some features of the website's general options. For example, defining the language, regional settings, or browser type.\nSugerencias<\/p><p class=\"p1\">Analytical cookies: Analytical cookies are used by our web portals to analyze user behavior and navigation profiles, as well as to understand user preferences in order to improve the offering of products and services.<\/p><p class=\"p1\">Social media cookies: To make it easier for users to share website content on different social networks, specific buttons have been included. These buttons may cause the social network to install cookies that, while not under the control of TORRE DE VILLAVERDE, may be used to manage the user's login to the social network, maintain said session, or display a counter showing how many times a particular content has been shared on each social network.<\/p><p class=\"p1\">We recommend that users regularly review the privacy and cookie policies of each social network and, where appropriate, modify the privacy settings for each to limit the tracking they may perform and adjust these settings to their own interests.<\/p><p class=\"p1\">Chat Cookies: These are cookies that allow users who wish to interact with Customer Service and receive live support while browsing the web.<\/p><p class=\"p1\">Personalization Cookies: These cookies allow you to improve your browsing experience by optimizing content based on user behavior.<\/p>\t\t\t\t\t\t\t\t<\/div>\n\t\t\t\t<\/div>\n\t\t\t\t<div class=\"elementor-element elementor-element-5e303503 elementor-widget-divider--view-line elementor-widget elementor-widget-divider\" data-id=\"5e303503\" data-element_type=\"widget\" data-e-type=\"widget\" data-widget_type=\"divider.default\">\n\t\t\t\t<div class=\"elementor-widget-container\">\n\t\t\t\t\t\t\t<div class=\"elementor-divider\">\n\t\t\t<span class=\"elementor-divider-separator\">\n\t\t\t\t\t\t<\/span>\n\t\t<\/div>\n\t\t\t\t\t\t<\/div>\n\t\t\t\t<\/div>\n\t\t\t\t\t<\/div>\n\t\t\t\t<\/div>\n\t\t\t\t<\/div>","protected":false},"excerpt":{"rendered":"<p>COOKIES Pol\u00edtica de Cookies Finalidad de las Cookies utilizadas por el sitio web En esta p\u00e1gina web: www.torrevillaverde.com se utilizan cookies propias y de terceros estrictamente necesarias y esenciales con fines t\u00e9cnicos para que usted utilice nuestro sitio web, le permita moverse libremente por \u00e9l, \u00e1rea segura de compra y opciones personalizadas.. Adem\u00e1s de utilizar [&hellip;]<\/p>\n","protected":false},"author":1,"featured_media":0,"parent":0,"menu_order":0,"comment_status":"closed","ping_status":"closed","template":"elementor_header_footer","meta":{"footnotes":""},"class_list":["post-23","page","type-page","status-publish","hentry"],"yoast_head":"<!-- This site is optimized with the Yoast SEO plugin v27.4 - https:\/\/yoast.com\/product\/yoast-seo-wordpress\/ -->\n<title>Cookies - TORRE DE VILLAVERDE<\/title>\n<meta name=\"description\" content=\"Cookies: En esta p\u00e1gina web se utilizan cookies propias y de terceros estrictamente necesarias para que usted utilice nuestro sitio web.\" \/>\n<meta name=\"robots\" content=\"index, follow, max-snippet:-1, max-image-preview:large, max-video-preview:-1\" \/>\n<link rel=\"canonical\" href=\"https:\/\/torrevillaverde.com\/en\/cookies\/\" \/>\n<meta property=\"og:locale\" content=\"en_GB\" \/>\n<meta property=\"og:type\" content=\"article\" \/>\n<meta property=\"og:title\" content=\"Cookies - TORRE DE VILLAVERDE\" \/>\n<meta property=\"og:description\" content=\"Cookies: En esta p\u00e1gina web se utilizan cookies propias y de terceros estrictamente necesarias para que usted utilice nuestro sitio web.\" \/>\n<meta property=\"og:url\" content=\"https:\/\/torrevillaverde.com\/en\/cookies\/\" \/>\n<meta property=\"og:site_name\" content=\"TORRE DE VILLAVERDE\" \/>\n<meta property=\"article:modified_time\" content=\"2025-05-19T09:26:19+00:00\" \/>\n<meta property=\"og:image\" content=\"https:\/\/torrevillaverde.com\/wp-content\/uploads\/2025\/03\/TORREVEQUIA-IMAGOTIPO-HUECO-scaled.jpg\" \/>\n\t<meta property=\"og:image:width\" content=\"2560\" \/>\n\t<meta property=\"og:image:height\" content=\"2560\" \/>\n\t<meta property=\"og:image:type\" content=\"image\/jpeg\" \/>\n<meta name=\"twitter:card\" content=\"summary_large_image\" \/>\n<meta name=\"twitter:label1\" content=\"Estimated reading time\" \/>\n\t<meta name=\"twitter:data1\" content=\"6 minutes\" \/>\n<script type=\"application\/ld+json\" class=\"yoast-schema-graph\">{\"@context\":\"https:\\\/\\\/schema.org\",\"@graph\":[{\"@type\":\"WebPage\",\"@id\":\"https:\\\/\\\/torrevillaverde.com\\\/cookies\\\/\",\"url\":\"https:\\\/\\\/torrevillaverde.com\\\/cookies\\\/\",\"name\":\"Cookies - TORRE DE VILLAVERDE\",\"isPartOf\":{\"@id\":\"https:\\\/\\\/torrevillaverde.com\\\/#website\"},\"datePublished\":\"2025-05-17T10:47:56+00:00\",\"dateModified\":\"2025-05-19T09:26:19+00:00\",\"description\":\"Cookies: En esta p\u00e1gina web se utilizan cookies propias y de terceros estrictamente necesarias para que usted utilice nuestro sitio web.\",\"breadcrumb\":{\"@id\":\"https:\\\/\\\/torrevillaverde.com\\\/cookies\\\/#breadcrumb\"},\"inLanguage\":\"en-GB\",\"potentialAction\":[{\"@type\":\"ReadAction\",\"target\":[\"https:\\\/\\\/torrevillaverde.com\\\/cookies\\\/\"]}]},{\"@type\":\"BreadcrumbList\",\"@id\":\"https:\\\/\\\/torrevillaverde.com\\\/cookies\\\/#breadcrumb\",\"itemListElement\":[{\"@type\":\"ListItem\",\"position\":1,\"name\":\"Portada\",\"item\":\"https:\\\/\\\/torrevillaverde.com\\\/\"},{\"@type\":\"ListItem\",\"position\":2,\"name\":\"Cookies\"}]},{\"@type\":\"WebSite\",\"@id\":\"https:\\\/\\\/torrevillaverde.com\\\/#website\",\"url\":\"https:\\\/\\\/torrevillaverde.com\\\/\",\"name\":\"Torre de Villaverde\",\"description\":\"Aceite de Oliva Virgen Extra, producido en Montoro.\",\"publisher\":{\"@id\":\"https:\\\/\\\/torrevillaverde.com\\\/#organization\"},\"potentialAction\":[{\"@type\":\"SearchAction\",\"target\":{\"@type\":\"EntryPoint\",\"urlTemplate\":\"https:\\\/\\\/torrevillaverde.com\\\/?s={search_term_string}\"},\"query-input\":{\"@type\":\"PropertyValueSpecification\",\"valueRequired\":true,\"valueName\":\"search_term_string\"}}],\"inLanguage\":\"en-GB\"},{\"@type\":\"Organization\",\"@id\":\"https:\\\/\\\/torrevillaverde.com\\\/#organization\",\"name\":\"Torre de Villaverde\",\"url\":\"https:\\\/\\\/torrevillaverde.com\\\/\",\"logo\":{\"@type\":\"ImageObject\",\"inLanguage\":\"en-GB\",\"@id\":\"https:\\\/\\\/torrevillaverde.com\\\/#\\\/schema\\\/logo\\\/image\\\/\",\"url\":\"https:\\\/\\\/torrevillaverde.com\\\/wp-content\\\/uploads\\\/2025\\\/03\\\/TORREVEQUIA-IMAGOTIPO-HUECO-scaled.jpg\",\"contentUrl\":\"https:\\\/\\\/torrevillaverde.com\\\/wp-content\\\/uploads\\\/2025\\\/03\\\/TORREVEQUIA-IMAGOTIPO-HUECO-scaled.jpg\",\"width\":2560,\"height\":2560,\"caption\":\"Torre de Villaverde\"},\"image\":{\"@id\":\"https:\\\/\\\/torrevillaverde.com\\\/#\\\/schema\\\/logo\\\/image\\\/\"}}]}<\/script>\n<!-- \/ Yoast SEO plugin. -->","yoast_head_json":{"title":"Cookies - TORRE DE VILLAVERDE","description":"Cookies: En esta p\u00e1gina web se utilizan cookies propias y de terceros estrictamente necesarias para que usted utilice nuestro sitio web.","robots":{"index":"index","follow":"follow","max-snippet":"max-snippet:-1","max-image-preview":"max-image-preview:large","max-video-preview":"max-video-preview:-1"},"canonical":"https:\/\/torrevillaverde.com\/en\/cookies\/","og_locale":"en_GB","og_type":"article","og_title":"Cookies - TORRE DE VILLAVERDE","og_description":"Cookies: En esta p\u00e1gina web se utilizan cookies propias y de terceros estrictamente necesarias para que usted utilice nuestro sitio web.","og_url":"https:\/\/torrevillaverde.com\/en\/cookies\/","og_site_name":"TORRE DE VILLAVERDE","article_modified_time":"2025-05-19T09:26:19+00:00","og_image":[{"width":2560,"height":2560,"url":"https:\/\/torrevillaverde.com\/wp-content\/uploads\/2025\/03\/TORREVEQUIA-IMAGOTIPO-HUECO-scaled.jpg","type":"image\/jpeg"}],"twitter_card":"summary_large_image","twitter_misc":{"Estimated reading time":"6 minutes"},"schema":{"@context":"https:\/\/schema.org","@graph":[{"@type":"WebPage","@id":"https:\/\/torrevillaverde.com\/cookies\/","url":"https:\/\/torrevillaverde.com\/cookies\/","name":"Cookies - TORRE DE VILLAVERDE","isPartOf":{"@id":"https:\/\/torrevillaverde.com\/#website"},"datePublished":"2025-05-17T10:47:56+00:00","dateModified":"2025-05-19T09:26:19+00:00","description":"Cookies: En esta p\u00e1gina web se utilizan cookies propias y de terceros estrictamente necesarias para que usted utilice nuestro sitio web.","breadcrumb":{"@id":"https:\/\/torrevillaverde.com\/cookies\/#breadcrumb"},"inLanguage":"en-GB","potentialAction":[{"@type":"ReadAction","target":["https:\/\/torrevillaverde.com\/cookies\/"]}]},{"@type":"BreadcrumbList","@id":"https:\/\/torrevillaverde.com\/cookies\/#breadcrumb","itemListElement":[{"@type":"ListItem","position":1,"name":"Portada","item":"https:\/\/torrevillaverde.com\/"},{"@type":"ListItem","position":2,"name":"Cookies"}]},{"@type":"WebSite","@id":"https:\/\/torrevillaverde.com\/#website","url":"https:\/\/torrevillaverde.com\/","name":"Torre de Villaverde","description":"Aceite de Oliva Virgen Extra, producido en Montoro.","publisher":{"@id":"https:\/\/torrevillaverde.com\/#organization"},"potentialAction":[{"@type":"SearchAction","target":{"@type":"EntryPoint","urlTemplate":"https:\/\/torrevillaverde.com\/?s={search_term_string}"},"query-input":{"@type":"PropertyValueSpecification","valueRequired":true,"valueName":"search_term_string"}}],"inLanguage":"en-GB"},{"@type":"Organization","@id":"https:\/\/torrevillaverde.com\/#organization","name":"Torre de Villaverde","url":"https:\/\/torrevillaverde.com\/","logo":{"@type":"ImageObject","inLanguage":"en-GB","@id":"https:\/\/torrevillaverde.com\/#\/schema\/logo\/image\/","url":"https:\/\/torrevillaverde.com\/wp-content\/uploads\/2025\/03\/TORREVEQUIA-IMAGOTIPO-HUECO-scaled.jpg","contentUrl":"https:\/\/torrevillaverde.com\/wp-content\/uploads\/2025\/03\/TORREVEQUIA-IMAGOTIPO-HUECO-scaled.jpg","width":2560,"height":2560,"caption":"Torre de Villaverde"},"image":{"@id":"https:\/\/torrevillaverde.com\/#\/schema\/logo\/image\/"}}]}},"_links":{"self":[{"href":"https:\/\/torrevillaverde.com\/en\/wp-json\/wp\/v2\/pages\/23","targetHints":{"allow":["GET"]}}],"collection":[{"href":"https:\/\/torrevillaverde.com\/en\/wp-json\/wp\/v2\/pages"}],"about":[{"href":"https:\/\/torrevillaverde.com\/en\/wp-json\/wp\/v2\/types\/page"}],"author":[{"embeddable":true,"href":"https:\/\/torrevillaverde.com\/en\/wp-json\/wp\/v2\/users\/1"}],"replies":[{"embeddable":true,"href":"https:\/\/torrevillaverde.com\/en\/wp-json\/wp\/v2\/comments?post=23"}],"version-history":[{"count":0,"href":"https:\/\/torrevillaverde.com\/en\/wp-json\/wp\/v2\/pages\/23\/revisions"}],"wp:attachment":[{"href":"https:\/\/torrevillaverde.com\/en\/wp-json\/wp\/v2\/media?parent=23"}],"curies":[{"name":"wp","href":"https:\/\/api.w.org\/{rel}","templated":true}]}}